{"id":1260,"date":"2019-09-07T09:54:28","date_gmt":"2019-09-07T09:54:28","guid":{"rendered":"http:\/\/dev.joomexp.com\/wordpress\/alacarte\/?page_id=1260"},"modified":"2022-11-14T18:45:24","modified_gmt":"2022-11-14T17:45:24","slug":"home-2","status":"publish","type":"page","link":"https:\/\/cheirinho-portugues.com\/","title":{"rendered":"Home 2"},"content":{"rendered":"<p>[vc_row][vc_column]\n\t\t\t<!-- START Hom 2 new REVOLUTION SLIDER 6.6.2 --><p class=\"rs-p-wp-fix\"><\/p>\n\t\t\t<rs-module-wrap id=\"rev_slider_3_1_wrapper\" data-source=\"gallery\" style=\"visibility:hidden;background:#ffffff;padding:0;\">\n\t\t\t\t<rs-module id=\"rev_slider_3_1\" style=\"\" data-version=\"6.6.2\">\n\t\t\t\t\t<rs-slides style=\"overflow: hidden; position: absolute;\">\n\t\t\t\t\t\t<rs-slide style=\"position: absolute;\" data-key=\"rs-6\" data-title=\"Slide\" data-in=\"o:0;\" data-out=\"a:false;\">\n\t\t\t\t\t\t\t<img decoding=\"async\" src=\"\/\/cheirinho-portugues.com\/wp-content\/plugins\/revslider\/public\/assets\/assets\/dummy.png\" alt=\"\" title=\"Sans-titre-2-1170&#215;679\" width=\"1170\" height=\"679\" class=\"rev-slidebg tp-rs-img rs-lazyload\" data-lazyload=\"\/\/cheirinho-portugues.com\/wp-content\/uploads\/2022\/10\/Sans-titre-2-1170x679-2.png\" data-no-retina>\n<!--\n\t\t\t\t\t\t\t--><rs-layer\n\t\t\t\t\t\t\t\tid=\"slider-3-slide-6-layer-0\" \n\t\t\t\t\t\t\t\tdata-type=\"shape\"\n\t\t\t\t\t\t\t\tdata-rsp_ch=\"on\"\n\t\t\t\t\t\t\t\tdata-xy=\"x:c;xo:-5px,-4px,-3px,-6px;y:m;yo:-1px,0,0,1px;\"\n\t\t\t\t\t\t\t\tdata-text=\"w:normal;s:20,16,12,7;l:0,20,15,9;\"\n\t\t\t\t\t\t\t\tdata-dim=\"w:100%;h:100%;\"\n\t\t\t\t\t\t\t\tdata-basealign=\"slide\"\n\t\t\t\t\t\t\t\tdata-frame_999=\"o:0;st:w;\"\n\t\t\t\t\t\t\t\tstyle=\"z-index:9;background-color:rgba(0,0,0,0.15);\"\n\t\t\t\t\t\t\t> \n\t\t\t\t\t\t\t<\/rs-layer><!--\n\n\t\t\t\t\t\t\t--><rs-layer\n\t\t\t\t\t\t\t\tid=\"slider-3-slide-6-layer-1\" \n\t\t\t\t\t\t\t\tdata-type=\"text\"\n\t\t\t\t\t\t\t\tdata-color=\"#ed0202\"\n\t\t\t\t\t\t\t\tdata-rsp_ch=\"on\"\n\t\t\t\t\t\t\t\tdata-xy=\"x:c;xo:35px,28px,21px,12px;y:m;yo:-141px,-116px,-90px,-260px;\"\n\t\t\t\t\t\t\t\tdata-text=\"w:normal;s:45,20,20,20;l:30;ls:3px,2px,1px,0px;fw:600;a:center;\"\n\t\t\t\t\t\t\t\tdata-frame_999=\"o:0;st:w;\"\n\t\t\t\t\t\t\t\tstyle=\"z-index:10;font-family:'Oswald';text-transform:uppercase;\"\n\t\t\t\t\t\t\t>importa\u00e7\u00e3o -  exporta\u00e7\u00e3o \n\t\t\t\t\t\t\t<\/rs-layer><!--\n\n\t\t\t\t\t\t\t--><rs-layer\n\t\t\t\t\t\t\t\tid=\"slider-3-slide-6-layer-2\" \n\t\t\t\t\t\t\t\tdata-type=\"text\"\n\t\t\t\t\t\t\t\tdata-color=\"#176b25\"\n\t\t\t\t\t\t\t\tdata-rsp_ch=\"on\"\n\t\t\t\t\t\t\t\tdata-xy=\"x:c;xo:42px,34px,25px,2px;y:m;yo:147px,121px,-23px,-187px;\"\n\t\t\t\t\t\t\t\tdata-text=\"w:normal;s:70,70,70,50;l:104,104,100,50;ls:2px;fw:500;a:center;\"\n\t\t\t\t\t\t\t\tdata-frame_999=\"o:0;st:w;\"\n\t\t\t\t\t\t\t\tstyle=\"z-index:11;font-family:'Oswald';text-transform:uppercase;\"\n\t\t\t\t\t\t\t>CHEIRINHO PORTUGUES \n\t\t\t\t\t\t\t<\/rs-layer><!--\n\n\t\t\t\t\t\t\t--><rs-layer\n\t\t\t\t\t\t\t\tid=\"slider-3-slide-6-layer-3\" \n\t\t\t\t\t\t\t\tdata-type=\"text\"\n\t\t\t\t\t\t\t\tdata-color=\"#2e8c41\"\n\t\t\t\t\t\t\t\tdata-rsp_ch=\"on\"\n\t\t\t\t\t\t\t\tdata-xy=\"x:c;xo:34px,28px,21px,12px;y:m;yo:-20px,-16px,80px,60px;\"\n\t\t\t\t\t\t\t\tdata-text=\"w:normal;s:18;l:28;fw:700;a:center;\"\n\t\t\t\t\t\t\t\tdata-dim=\"w:600px,709px,677px,392px;\"\n\t\t\t\t\t\t\t\tdata-frame_999=\"o:0;st:w;\"\n\t\t\t\t\t\t\t\tstyle=\"z-index:12;font-family:'Roboto';\"\n\t\t\t\t\t\t\t><div class=\"font-extra\"> PONTE DA BARCA - PARIS - LYON.<br \/>\nNF 516498428<\/div><br \/>\nVARIOS PRODUTOS DE QUALIDAD SOBRE ENCOMENDA A <br \/>\nPRE\u00c7OS BAIXOS COMPARE \n\t\t\t\t\t\t\t<\/rs-layer><!--\n\n\t\t\t\t\t\t\t--><a\n\t\t\t\t\t\t\t\tid=\"slider-3-slide-6-layer-4\" \n\t\t\t\t\t\t\t\tclass=\"rs-layer rev-btn\"\n\t\t\t\t\t\t\t\thref=\"https:\/\/cheirinho-portugues.com\/?page_id=1002\" target=\"_self\"\n\t\t\t\t\t\t\t\tdata-type=\"button\"\n\t\t\t\t\t\t\t\tdata-color=\"#00af3d\"\n\t\t\t\t\t\t\t\tdata-rsp_ch=\"on\"\n\t\t\t\t\t\t\t\tdata-xy=\"x:c;xo:34px,28px,21px,10px;y:m;yo:247px,203px,169px,182px;\"\n\t\t\t\t\t\t\t\tdata-text=\"w:normal;s:14;l:28;ls:2px,2px,2px,1px;fw:600;a:center;\"\n\t\t\t\t\t\t\t\tdata-dim=\"minh:0px,none,none,none;\"\n\t\t\t\t\t\t\t\tdata-padding=\"t:13,13,13,8;r:36,30,30,19;b:13,13,13,8;l:36,30,30,19;\"\n\t\t\t\t\t\t\t\tdata-border=\"bos:solid;boc:#ffffff;bow:1px,1px,1px,1px;\"\n\t\t\t\t\t\t\t\tdata-frame_999=\"o:0;st:w;\"\n\t\t\t\t\t\t\t\tdata-frame_hover=\"c:#fff;bgc:#fbb040;boc:rgba(251,176,64,0.75);bor:0px,0px,0px,0px;bos:solid;bow:1px,1px,1px,1px;e:power1.inOut;\"\n\t\t\t\t\t\t\t\tstyle=\"z-index:13;background-color:#ffcc00;font-family:'Oswald';\"\n\t\t\t\t\t\t\t>R\u00c9SERVER \n\t\t\t\t\t\t\t<\/a><!--\n\n\t\t\t\t\t\t\t--><rs-layer\n\t\t\t\t\t\t\t\tid=\"slider-3-slide-6-layer-5\" \n\t\t\t\t\t\t\t\tdata-type=\"image\"\n\t\t\t\t\t\t\t\tdata-rsp_ch=\"on\"\n\t\t\t\t\t\t\t\tdata-xy=\"xo:106px,87px,66px,40px;yo:657px,542px,411px,253px;\"\n\t\t\t\t\t\t\t\tdata-text=\"w:normal;s:20,16,12,7;l:0,20,15,9;\"\n\t\t\t\t\t\t\t\tdata-dim=\"w:191px,157px,119px,73px;h:163px,134px,101px,62px;\"\n\t\t\t\t\t\t\t\tdata-frame_999=\"o:0;st:w;\"\n\t\t\t\t\t\t\t\tstyle=\"z-index:6;\"\n\t\t\t\t\t\t\t><img decoding=\"async\" src=\"\/\/cheirinho-portugues.com\/wp-content\/plugins\/revslider\/public\/assets\/assets\/dummy.png\" alt=\"\" class=\"tp-rs-img rs-lazyload\" width=\"191\" height=\"163\" data-lazyload=\"\/\/cheirinho-portugues.com\/wp-content\/uploads\/2022\/10\/0A85E7B7463C45CF9F207F71E17E7E9511413030.jpg\" data-no-retina> \n\t\t\t\t\t\t\t<\/rs-layer><!--\n\n\t\t\t\t\t\t\t--><rs-layer\n\t\t\t\t\t\t\t\tid=\"slider-3-slide-6-layer-6\" \n\t\t\t\t\t\t\t\tdata-type=\"text\"\n\t\t\t\t\t\t\t\tdata-color=\"#ff3a2d\"\n\t\t\t\t\t\t\t\tdata-rsp_ch=\"on\"\n\t\t\t\t\t\t\t\tdata-xy=\"xo:108px,89px,67px,41px;yo:611px,504px,382px,235px;\"\n\t\t\t\t\t\t\t\tdata-text=\"w:normal;s:20,16,12,7;l:40,33,25,15;ls:1,0,0,0;fw:900;\"\n\t\t\t\t\t\t\t\tdata-dim=\"minh:0px,none,none,none;\"\n\t\t\t\t\t\t\t\tdata-frame_999=\"o:0;st:w;\"\n\t\t\t\t\t\t\t\tstyle=\"z-index:17;font-family:'Roboto';\"\n\t\t\t\t\t\t\t>PONTE DA BARCA \n\t\t\t\t\t\t\t<\/rs-layer><!--\n\n\t\t\t\t\t\t\t--><rs-layer\n\t\t\t\t\t\t\t\tid=\"slider-3-slide-6-layer-7\" \n\t\t\t\t\t\t\t\tdata-type=\"image\"\n\t\t\t\t\t\t\t\tdata-rsp_ch=\"on\"\n\t\t\t\t\t\t\t\tdata-xy=\"xo:521px,430px,326px,201px;yo:653px,539px,409px,252px;\"\n\t\t\t\t\t\t\t\tdata-text=\"w:normal;s:20,16,12,7;l:0,20,15,9;\"\n\t\t\t\t\t\t\t\tdata-dim=\"w:191px,157px,119px,73px;h:163px,134px,101px,62px;\"\n\t\t\t\t\t\t\t\tdata-frame_999=\"o:0;st:w;\"\n\t\t\t\t\t\t\t\tstyle=\"z-index:7;\"\n\t\t\t\t\t\t\t><img decoding=\"async\" src=\"\/\/cheirinho-portugues.com\/wp-content\/plugins\/revslider\/public\/assets\/assets\/dummy.png\" alt=\"\" class=\"tp-rs-img rs-lazyload\" width=\"191\" height=\"163\" data-lazyload=\"\/\/cheirinho-portugues.com\/wp-content\/uploads\/2022\/10\/0A85E7B7463C45CF9F207F71E17E7E9511413030.jpg\" data-no-retina> \n\t\t\t\t\t\t\t<\/rs-layer><!--\n\n\t\t\t\t\t\t\t--><rs-layer\n\t\t\t\t\t\t\t\tid=\"slider-3-slide-6-layer-8\" \n\t\t\t\t\t\t\t\tdata-type=\"text\"\n\t\t\t\t\t\t\t\tdata-color=\"#ff3a2d\"\n\t\t\t\t\t\t\t\tdata-rsp_ch=\"on\"\n\t\t\t\t\t\t\t\tdata-xy=\"xo:583px,481px,365px,225px;yo:606px,500px,379px,233px;\"\n\t\t\t\t\t\t\t\tdata-text=\"w:normal;s:20,16,12,7;l:40,33,25,15;ls:1,0,0,0;fw:900;\"\n\t\t\t\t\t\t\t\tdata-dim=\"minh:0px,none,none,none;\"\n\t\t\t\t\t\t\t\tdata-frame_999=\"o:0;st:w;\"\n\t\t\t\t\t\t\t\tstyle=\"z-index:16;font-family:'Roboto';\"\n\t\t\t\t\t\t\t>PARIS \n\t\t\t\t\t\t\t<\/rs-layer><!--\n\n\t\t\t\t\t\t\t--><rs-layer\n\t\t\t\t\t\t\t\tid=\"slider-3-slide-6-layer-9\" \n\t\t\t\t\t\t\t\tdata-type=\"image\"\n\t\t\t\t\t\t\t\tdata-rsp_ch=\"on\"\n\t\t\t\t\t\t\t\tdata-xy=\"xo:962px,794px,603px,372px;yo:654px,540px,410px,252px;\"\n\t\t\t\t\t\t\t\tdata-text=\"w:normal;s:20,16,12,7;l:0,20,15,9;\"\n\t\t\t\t\t\t\t\tdata-dim=\"w:191px,157px,119px,73px;h:163px,134px,101px,62px;\"\n\t\t\t\t\t\t\t\tdata-frame_999=\"o:0;st:w;\"\n\t\t\t\t\t\t\t\tstyle=\"z-index:8;\"\n\t\t\t\t\t\t\t><img decoding=\"async\" src=\"\/\/cheirinho-portugues.com\/wp-content\/plugins\/revslider\/public\/assets\/assets\/dummy.png\" alt=\"\" class=\"tp-rs-img rs-lazyload\" width=\"191\" height=\"163\" data-lazyload=\"\/\/cheirinho-portugues.com\/wp-content\/uploads\/2022\/10\/0A85E7B7463C45CF9F207F71E17E7E9511413030.jpg\" data-no-retina> \n\t\t\t\t\t\t\t<\/rs-layer><!--\n\n\t\t\t\t\t\t\t--><rs-layer\n\t\t\t\t\t\t\t\tid=\"slider-3-slide-6-layer-10\" \n\t\t\t\t\t\t\t\tdata-type=\"text\"\n\t\t\t\t\t\t\t\tdata-color=\"#fff\"\n\t\t\t\t\t\t\t\tdata-rsp_ch=\"on\"\n\t\t\t\t\t\t\t\tdata-xy=\"xo:583px,481px,365px,225px;yo:606px,500px,379px,233px;\"\n\t\t\t\t\t\t\t\tdata-text=\"w:normal;s:20,16,12,7;l:40,33,25,15;ls:1,0,0,0;fw:500;\"\n\t\t\t\t\t\t\t\tdata-dim=\"minh:0px,none,none,none;\"\n\t\t\t\t\t\t\t\tdata-frame_999=\"o:0;st:w;\"\n\t\t\t\t\t\t\t\tstyle=\"z-index:15;font-family:'Roboto';\"\n\t\t\t\t\t\t\t>PARIS \n\t\t\t\t\t\t\t<\/rs-layer><!--\n\n\t\t\t\t\t\t\t--><rs-layer\n\t\t\t\t\t\t\t\tid=\"slider-3-slide-6-layer-11\" \n\t\t\t\t\t\t\t\tdata-type=\"text\"\n\t\t\t\t\t\t\t\tdata-color=\"#ff3a2d\"\n\t\t\t\t\t\t\t\tdata-rsp_ch=\"on\"\n\t\t\t\t\t\t\t\tdata-xy=\"xo:1005px,829px,629px,388px;yo:605px,499px,379px,233px;\"\n\t\t\t\t\t\t\t\tdata-text=\"w:normal;s:20,16,12,7;l:40,33,25,15;ls:1,0,0,0;fw:900;\"\n\t\t\t\t\t\t\t\tdata-dim=\"minh:0px,none,none,none;\"\n\t\t\t\t\t\t\t\tdata-frame_999=\"o:0;st:w;\"\n\t\t\t\t\t\t\t\tstyle=\"z-index:14;font-family:'Roboto';\"\n\t\t\t\t\t\t\t>LYON \n\t\t\t\t\t\t\t<\/rs-layer><!--\n\n\t\t\t\t\t\t\t--><rs-layer\n\t\t\t\t\t\t\t\tid=\"slider-3-slide-6-layer-13\" \n\t\t\t\t\t\t\t\tdata-type=\"image\"\n\t\t\t\t\t\t\t\tdata-rsp_ch=\"on\"\n\t\t\t\t\t\t\t\tdata-xy=\"xo:915px,755px,573px,353px;yo:-50px,-41px,-31px,-19px;\"\n\t\t\t\t\t\t\t\tdata-text=\"w:normal;s:20,16,12,7;l:0,20,15,9;\"\n\t\t\t\t\t\t\t\tdata-dim=\"w:134px,110px,83px,51px;h:225px,185px,140px,86px;\"\n\t\t\t\t\t\t\t\tdata-frame_999=\"o:0;st:w;\"\n\t\t\t\t\t\t\t\tstyle=\"z-index:19;\"\n\t\t\t\t\t\t\t><img decoding=\"async\" src=\"\/\/cheirinho-portugues.com\/wp-content\/plugins\/revslider\/public\/assets\/assets\/dummy.png\" alt=\"\" class=\"tp-rs-img rs-lazyload\" width=\"475\" height=\"800\" data-lazyload=\"\/\/cheirinho-portugues.com\/wp-content\/uploads\/2022\/10\/rooster-of-barcelos-144475.png\" data-no-retina> \n\t\t\t\t\t\t\t<\/rs-layer><!--\n-->\t\t\t\t\t\t<\/rs-slide>\n\t\t\t\t\t<\/rs-slides>\n\t\t\t\t<\/rs-module>\n\t\t\t\t<script>\n\t\t\t\t\tsetREVStartSize({c: 'rev_slider_3_1',rl:[1240,1024,778,480],el:[650,768,960,720],gw:[1240,1024,778,480],gh:[650,568,960,720],type:'standard',justify:'',layout:'fullscreen',offsetContainer:'',offset:'',mh:\"0\"});if (window.RS_MODULES!==undefined && window.RS_MODULES.modules!==undefined && window.RS_MODULES.modules[\"revslider31\"]!==undefined) {window.RS_MODULES.modules[\"revslider31\"].once = false;window.revapi3 = undefined;if (window.RS_MODULES.checkMinimal!==undefined) window.RS_MODULES.checkMinimal()}\n\t\t\t\t<\/script>\n\t\t\t<\/rs-module-wrap>\n\t\t\t<!-- END REVOLUTION SLIDER -->\n[\/vc_column][\/vc_row][vc_row][vc_column][red_emptyspace values=&#8221;%5B%7B%22screen_size_max%22%3A%22767%22%2C%22height%22%3A%2275%22%7D%2C%7B%22screen_size_min%22%3A%22768%22%2C%22height%22%3A%22120%22%7D%2C%7B%7D%5D&#8221; el_id=&#8221;1571642352903-f43d7bce-0d2f&#8221;][\/vc_column][\/vc_row][vc_row full_width=&#8221;stretch_row&#8221; css_animation=&#8221;bottom-to-top&#8221;][vc_column offset=&#8221;vc_col-md-offset-1\/10 vc_col-md-4\/5&#8243;][red_heading content_align=&#8221;text-center&#8221; small_heading_text=&#8221;SAVEURS DU PORTUGAL&#8221; heading_text=&#8221;Cheirinho Portugues&#8221; heading_tag=&#8221;&#8221; heading_color=&#8221;#111111&#8243; desc_text=&#8221;&#8221; small_heading_color=&#8221;#777777&#8243;][vc_column_text]<\/p>\n<p style=\"text-align: center;\"><strong><span style=\"color: #339966;\">Nous vous proposons ici une s\u00e9lection de produits typiques de la gastronomie portugaise . Portugal poss\u00e8de un \u00e9ventail riche et vari\u00e9 de sp\u00e9cialit\u00e9s autant sucr\u00e9es que sal\u00e9es. Peut-\u00eatre connaissez-vous les &#8220;Past\u00e9is de nata&#8221;, savoureuses p\u00e2tisseries au flan, les plats \u00e0 base de &#8220;bacalhau&#8221; (la fameuse morue) ou encore le &#8220;polvo \u00e0 lagareiro&#8221; plat typique r\u00e9unissant du poulpe et des pommes de terre. Alors si les produits de la mer se retrouvent tr\u00e8s souvent dans la cuisine portugaise, de nombreuses sp\u00e9cialit\u00e9s \u00e0 base de viande existent aussi suivant les r\u00e9gions<\/span><\/strong><\/p>\n<p>[\/vc_column_text][\/vc_column][\/vc_row][vc_row][vc_column][red_emptyspace values=&#8221;%5B%7B%22screen_size_max%22%3A%22767%22%2C%22height%22%3A%2275%22%7D%2C%7B%22screen_size_min%22%3A%22768%22%2C%22height%22%3A%2288%22%7D%2C%7B%7D%5D&#8221; el_id=&#8221;1568260686348-fe3cf2f3-bf9e&#8221;][vc_row_inner][vc_column_inner width=&#8221;1\/2&#8243;][vc_single_image image=&#8221;2188&#8243; img_size=&#8221;full&#8221; style=&#8221;vc_box_rounded&#8221;][vc_single_image image=&#8221;2491&#8243; img_size=&#8221;large&#8221; style=&#8221;vc_box_rounded&#8221; title=&#8221;MUITO BOM 200\u20ac&#8221;][vc_single_image image=&#8221;2190&#8243; img_size=&#8221;265&#215;439&#8243; style=&#8221;vc_box_rounded&#8221; title=&#8221;MUITO BOM 200\u20ac&#8221;][\/vc_column_inner][vc_column_inner width=&#8221;1\/2&#8243;][vc_single_image image=&#8221;2492&#8243; img_size=&#8221;large&#8221; add_caption=&#8221;yes&#8221; title=&#8221;MUITO BOM 200\u20ac&#8221;][vc_single_image image=&#8221;2309&#8243; img_size=&#8221;large&#8221; add_caption=&#8221;yes&#8221; title=&#8221;METRE LE TITRE ICI&#8221;][vc_single_image image=&#8221;2417&#8243; img_size=&#8221;large&#8221; add_caption=&#8221;yes&#8221; title=&#8221;METRE LE TITRE ICI&#8221;][\/vc_column_inner][\/vc_row_inner][red_emptyspace values=&#8221;%5B%7B%22screen_size_max%22%3A%22767%22%2C%22height%22%3A%2275%22%7D%2C%7B%22screen_size_min%22%3A%22768%22%2C%22height%22%3A%2288%22%7D%2C%7B%7D%5D&#8221; el_id=&#8221;1666621759315-f828b62e-56cd&#8221;][\/vc_column][\/vc_row][vc_row full_width=&#8221;stretch_row&#8221; css_animation=&#8221;bottom-to-top&#8221; parallax_overlay=&#8221;rgba(0,0,0,0.35)&#8221; row_half_background=&#8221;row-full-bg&#8221; css=&#8221;.vc_custom_1666621546626{padding-top: 120px !important;padding-bottom: 120px !important;background-image: url(https:\/\/cheirinho-portugues.com\/wp-content\/uploads\/2022\/10\/vue-centre-ville-porto-porto-portugal-paysage-urbain-deuxieme-plus-grande-ville-portugaise-il-y-quelques-cables-chemin-cables-au-premier-plan_561168-272-e1666621429864.jpg?id=2184) !important;background-position: center !important;background-repeat: no-repeat !important;background-size: cover !important;}&#8221;][vc_column width=&#8221;1\/2&#8243;][red_heading content_align=&#8221;text-start&#8221; small_heading_text=&#8221;COMMANDEZ NOS PRODUITS&#8221; heading_text=&#8221;EN PROVENANCE DU PORTUGAL&#8221; heading_tag=&#8221;&#8221; show_heading2=&#8221;&#8221; desc_text=&#8221;&#8221;][red_emptyspace values=&#8221;%5B%7B%22height%22%3A%2250%22%7D%5D&#8221; el_id=&#8221;1566179497212-67dd2ab2-74c0&#8243;][red_button btn_text=&#8221;CONTACT&#8221; button_link=&#8221;url:https%3A%2F%2Fcheirinho-portugues.com%2F%3Fpage_id%3D1002&#8243; btn_color=&#8221;btn-white&#8221; btn_size=&#8221;lg&#8221;][\/vc_column][vc_column width=&#8221;1\/2&#8243;][\/vc_column][\/vc_row][vc_row][vc_column][red_emptyspace values=&#8221;%5B%7B%22screen_size_min%22%3A%22768%22%2C%22height%22%3A%22120%22%7D%2C%7B%22screen_size_max%22%3A%22767%22%2C%22height%22%3A%2275%22%7D%2C%7B%7D%5D&#8221; el_id=&#8221;1566027197823-50670eb8-f614&#8243;][\/vc_column][\/vc_row][vc_row full_width=&#8221;stretch_row&#8221;][vc_column width=&#8221;1\/3&#8243;][vc_single_image image=&#8221;2449&#8243; img_size=&#8221;370&#215;521&#8243; style=&#8221;vc_box_rounded&#8221;][red_emptyspace values=&#8221;%5B%7B%22screen_size_min%22%3A%22768%22%2C%22height%22%3A%22120%22%7D%2C%7B%22screen_size_max%22%3A%22767%22%2C%22height%22%3A%2275%22%7D%2C%7B%7D%5D&#8221; el_id=&#8221;1666624317032-03cd842c-3045&#8243;][vc_single_image image=&#8221;2445&#8243; img_size=&#8221;370&#215;521&#8243; style=&#8221;vc_box_rounded&#8221;][red_emptyspace values=&#8221;%5B%7B%22screen_size_min%22%3A%22768%22%2C%22height%22%3A%22120%22%7D%2C%7B%22screen_size_max%22%3A%22767%22%2C%22height%22%3A%2275%22%7D%2C%7B%7D%5D&#8221; el_id=&#8221;1666624313253-aec4282e-a309&#8243;][red_button btn_text=&#8221;VOIR NOS HUILES&#8221; button_link=&#8221;url:https%3A%2F%2Fcheirinho-portugues.com%2F%3Fpage_id%3D2224&#8243; btn_align=&#8221;center&#8221; btn_style=&#8221;outline&#8221; btn_color=&#8221;accent&#8221; btn_shape=&#8221;rounded&#8221; btn_size=&#8221;xlg&#8221; add_icon=&#8221;true&#8221; i_icon_linear=&#8221;lnr lnr-move&#8221;][\/vc_column][vc_column width=&#8221;1\/3&#8243;][vc_single_image image=&#8221;2450&#8243; img_size=&#8221;370&#215;521&#8243; style=&#8221;vc_box_rounded&#8221;][red_emptyspace values=&#8221;%5B%7B%22screen_size_min%22%3A%22768%22%2C%22height%22%3A%22120%22%7D%2C%7B%22screen_size_max%22%3A%22767%22%2C%22height%22%3A%2275%22%7D%2C%7B%7D%5D&#8221; el_id=&#8221;1666712509310-160d5b5e-988d&#8221;][vc_single_image image=&#8221;2451&#8243; img_size=&#8221;370&#215;521&#8243; style=&#8221;vc_box_rounded&#8221;][red_emptyspace values=&#8221;%5B%7B%22screen_size_min%22%3A%22768%22%2C%22height%22%3A%22120%22%7D%2C%7B%22screen_size_max%22%3A%22767%22%2C%22height%22%3A%2275%22%7D%2C%7B%7D%5D&#8221; el_id=&#8221;1666712501689-6e86c2c7-1faf&#8221;][red_button btn_text=&#8221;CHARCUTERIE ET EPICERIE&#8221; button_link=&#8221;url:https%3A%2F%2Fcheirinho-portugues.com%2F%3Fpage_id%3D2226&#8243; btn_align=&#8221;center&#8221; btn_style=&#8221;outline&#8221; btn_color=&#8221;accent&#8221; btn_shape=&#8221;rounded&#8221; btn_size=&#8221;xlg&#8221; add_icon=&#8221;true&#8221; i_type=&#8221;material&#8221; i_icon_material=&#8221;vc-material vc-material-add&#8221;][\/vc_column][vc_column width=&#8221;1\/3&#8243;][vc_single_image image=&#8221;2456&#8243; img_size=&#8221;full&#8221; style=&#8221;vc_box_rounded&#8221;][red_emptyspace values=&#8221;%5B%7B%22screen_size_min%22%3A%22768%22%2C%22height%22%3A%22120%22%7D%2C%7B%22screen_size_max%22%3A%22767%22%2C%22height%22%3A%2275%22%7D%2C%7B%7D%5D&#8221; el_id=&#8221;1666712505502-0131e3e5-6a55&#8243;][vc_single_image image=&#8221;2458&#8243; img_size=&#8221;full&#8221; style=&#8221;vc_box_rounded&#8221;][red_emptyspace values=&#8221;%5B%7B%22screen_size_min%22%3A%22768%22%2C%22height%22%3A%22120%22%7D%2C%7B%22screen_size_max%22%3A%22767%22%2C%22height%22%3A%2275%22%7D%2C%7B%7D%5D&#8221; el_id=&#8221;1666624308619-819c7f7a-80f9&#8243;][red_button btn_text=&#8221;ARTISANAT&#8221; button_link=&#8221;url:https%3A%2F%2Fcheirinho-portugues.com%2F%3Fpage_id%3D2228&#8243; btn_align=&#8221;center&#8221; btn_style=&#8221;outline&#8221; btn_color=&#8221;accent&#8221; btn_shape=&#8221;rounded&#8221; btn_size=&#8221;xlg&#8221; add_icon=&#8221;true&#8221; i_type=&#8221;material&#8221; i_icon_material=&#8221;vc-material vc-material-add&#8221;][\/vc_column][\/vc_row][vc_row][vc_column][red_emptyspace values=&#8221;%5B%7B%22screen_size_min%22%3A%22768%22%2C%22height%22%3A%22105%22%7D%2C%7B%22screen_size_max%22%3A%22767%22%2C%22height%22%3A%2260%22%7D%2C%7B%7D%5D&#8221; el_id=&#8221;1571642174974-10f84c1f-499f&#8221;][\/vc_column][\/vc_row][vc_row full_width=&#8221;stretch_row&#8221; css=&#8221;.vc_custom_1571642196436{padding-bottom: 63px !important;}&#8221;][vc_column vc_col_content_align=&#8221;text-center&#8221; offset=&#8221;vc_col-md-offset-1\/5 vc_col-md-3\/5&#8243;][red_heading small_heading_text=&#8221;VOUS SOUHAITEZ&#8221; heading_text=&#8221;PASSER UNE COMMANDE ?&#8221; heading_tag=&#8221;&#8221; heading_color=&#8221;#111111&#8243; desc_text=&#8221;&#8221; small_heading_color=&#8221;#777777&#8243;][red_emptyspace values=&#8221;%5B%7B%22height%22%3A%2220px%22%7D%5D&#8221; el_id=&#8221;1565149891363-3e516a32-d735&#8243;][vc_raw_html]JTNDaSUyMGNsYXNzJTNEJTIyZmxhdGljb24tZm9vZCUyMHByaW1hcnktY29sb3IlMjBmb250LXNpemUtMjAlMjIlM0UlM0MlMkZpJTNF[\/vc_raw_html][vc_column_text css=&#8221;.vc_custom_1666624593786{padding-top: 18px !important;}&#8221;]<\/p>\n<p style=\"text-align: center;\"><strong>Si vous souhaitez passer commande, il vous suffit de nous envoyer un mail et nous vous pr\u00e9parons le colis et vous indiquons toute la proc\u00e9dure.<\/strong><\/p>\n<p>[\/vc_column_text][vc_column_text]<\/p>\n<p style=\"text-align: center;\"><strong>871 Av. du L\u00e9man, 74380 Bonne<\/strong><br \/>\n<strong>+33 668 610 223 ; <\/strong><br \/>\n<strong>+35 193 243 71 07<\/strong><br \/>\n<strong>cheirinhoportugues@hotmail.com<\/strong>[\/vc_column_text][\/vc_column][\/vc_row][vc_row][vc_column][vc_row_inner][vc_column_inner width=&#8221;1\/2&#8243;][vc_single_image image=&#8221;2213&#8243; img_size=&#8221;full&#8221;][\/vc_column_inner][vc_column_inner width=&#8221;1\/2&#8243;][red_emptyspace values=&#8221;%5B%7B%22screen_size_max%22%3A%22767%22%2C%22height%22%3A%2275px%22%7D%5D&#8221; el_id=&#8221;1566283564574-e3a2610f-33ba&#8221;][vc_single_image image=&#8221;2288&#8243; img_size=&#8221;555&#215;863&#8243;][\/vc_column_inner][\/vc_row_inner][\/vc_column][\/vc_row][vc_row][vc_column][red_emptyspace values=&#8221;%5B%7B%22height%22%3A%2220px%22%7D%5D&#8221; el_id=&#8221;1666625042130-2def7f51-dfe6&#8243;][\/vc_column][\/vc_row]<\/p>\n","protected":false},"excerpt":{"rendered":"<p>[vc_row][vc_column][\/vc_column][\/vc_row][vc_row][vc_column][red_emptyspace values=&#8221;%5B%7B%22screen_size_max%22%3A%22767%22%2C%22height%22%3A%2275%22%7D%2C%7B%22screen_size_min%22%3A%22768%22%2C%22height%22%3A%22120%22%7D%2C%7B%7D%5D&#8221; el_id=&#8221;1571642352903-f43d7bce-0d2f&#8221;][\/vc_column][\/vc_row][vc_row full_width=&#8221;stretch_row&#8221; css_animation=&#8221;bottom-to-top&#8221;][vc_column offset=&#8221;vc_col-md-offset-1\/10 vc_col-md-4\/5&#8243;][red_heading content_align=&#8221;text-center&#8221; small_heading_text=&#8221;SAVEURS DU PORTUGAL&#8221; heading_text=&#8221;Cheirinho Portugues&#8221; heading_tag=&#8221;&#8221; heading_color=&#8221;#111111&#8243; desc_text=&#8221;&#8221; small_heading_color=&#8221;#777777&#8243;][vc_column_text] Nous vous proposons ici une s\u00e9lection de produits typiques de la gastronomie portugaise . Portugal poss\u00e8de un \u00e9ventail riche et vari\u00e9 de sp\u00e9cialit\u00e9s autant sucr\u00e9es que sal\u00e9es. Peut-\u00eatre connaissez-vous les &#8220;Past\u00e9is de nata&#8221;, savoureuses p\u00e2tisseries au flan, les [&hellip;]<\/p>\n","protected":false},"author":1,"featured_media":0,"parent":0,"menu_order":0,"comment_status":"closed","ping_status":"closed","template":"","meta":{"footnotes":""},"class_list":["post-1260","page","type-page","status-publish","hentry"],"_links":{"self":[{"href":"https:\/\/cheirinho-portugues.com\/index.php?rest_route=\/wp\/v2\/pages\/1260","targetHints":{"allow":["GET"]}}],"collection":[{"href":"https:\/\/cheirinho-portugues.com\/index.php?rest_route=\/wp\/v2\/pages"}],"about":[{"href":"https:\/\/cheirinho-portugues.com\/index.php?rest_route=\/wp\/v2\/types\/page"}],"author":[{"embeddable":true,"href":"https:\/\/cheirinho-portugues.com\/index.php?rest_route=\/wp\/v2\/users\/1"}],"replies":[{"embeddable":true,"href":"https:\/\/cheirinho-portugues.com\/index.php?rest_route=%2Fwp%2Fv2%2Fcomments&post=1260"}],"version-history":[{"count":52,"href":"https:\/\/cheirinho-portugues.com\/index.php?rest_route=\/wp\/v2\/pages\/1260\/revisions"}],"predecessor-version":[{"id":2499,"href":"https:\/\/cheirinho-portugues.com\/index.php?rest_route=\/wp\/v2\/pages\/1260\/revisions\/2499"}],"wp:attachment":[{"href":"https:\/\/cheirinho-portugues.com\/index.php?rest_route=%2Fwp%2Fv2%2Fmedia&parent=1260"}],"curies":[{"name":"wp","href":"https:\/\/api.w.org\/{rel}","templated":true}]}}