{"id":1002,"date":"2019-08-20T08:51:05","date_gmt":"2019-08-20T08:51:05","guid":{"rendered":"http:\/\/dev.joomexp.com\/wordpress\/alacarte\/?page_id=1002"},"modified":"2022-11-04T11:36:09","modified_gmt":"2022-11-04T10:36:09","slug":"contact-us-1","status":"publish","type":"page","link":"https:\/\/cheirinho-portugues.com\/?page_id=1002","title":{"rendered":"CONTACTO"},"content":{"rendered":"<p>[vc_row full_width=&#8221;stretch_row&#8221; css_animation=&#8221;bottom-to-top&#8221;][vc_column offset=&#8221;vc_col-md-6&#8243;][red_heading layout_template=&#8221;3&#8243; heading_text=&#8221;RENSEIGNEMENTS et PASSER COMMANDE&#8221; heading_tag=&#8221;&#8221; show_heading2=&#8221;&#8221; desc_text=&#8221;Pour toutes commandes veuillez nous envoyer un email ou nous appeler et nous vous expliquerons la proc\u00e9dure et l&#8217;endroit de r\u00e9cup\u00e9ration du colis&#8221;][vc_raw_html css=&#8221;.vc_custom_1666627716177{padding-top: 30px !important;padding-bottom: 12px !important;}&#8221;]JTNDdWwlMjBjbGFzcyUzRCUyMmNvbnRhY3Qtd3JhcCUyMiUzRSUwQSUzQ2xpJTNFJTNDaSUyMGNsYXNzJTNEJTIyZmxhdGljb24tcGxhY2Vob2xkZXIlMjIlM0UlM0MlMkZpJTNFODcxJTIwQXYuJTIwZHUlMjBMJUMzJUE5bWFuJTJDJTIwNzQzODAlMjBCb25uZSUzQyUyRmxpJTNFJTBBJTNDbGklM0UlM0NpJTIwY2xhc3MlM0QlMjJmbGF0aWNvbi10ZWxlcGhvbmUlMjIlM0UlM0MlMkZpJTNFJTJCMzMlMjA2NjglMjA2MTAlMjAyMjMlMjAlM0IlMjAlMkIzNSUyMDE5MyUyMDI0MyUyMDcxJTIwMDclM0MlMkZsaSUzRSUwQSUzQ2xpJTNFJTNDaSUyMGNsYXNzJTNEJTIyZmxhdGljb24td29ybHdpZGUlMjIlM0UlM0MlMkZpJTNFY2hlaXJpbmhvcG9ydHVndWVzJTQwaG90bWFpbC5jb20lM0MlMkZsaSUzRSUwQSUzQyUyRnVsJTNF[\/vc_raw_html][red_emptyspace values=&#8221;%5B%7B%22height%22%3A%2253%22%7D%5D&#8221; el_id=&#8221;1566294556783-b4187842-aac4&#8243;][red_single_image img_show_caption=&#8221;&#8221; img_size=&#8221;full&#8221; img_style=&#8221;default-responsive&#8221; el_id=&#8221;1566292109427-37bcf80d-ef7a&#8221; img_id=&#8221;2201&#8243;][\/vc_column][vc_column contact_style=&#8221;contact-style2&#8243; offset=&#8221;vc_col-md-6&#8243;][red_emptyspace values=&#8221;%5B%7B%22screen_size_max%22%3A%22991%22%2C%22height%22%3A%2275%22%7D%5D&#8221; el_id=&#8221;1566356101821-0b6b31cb-7f51&#8243;][vc_column_text]<iframe loading=\"lazy\" style=\"border: 0;\" src=\"https:\/\/www.google.com\/maps\/embed?pb=!1m18!1m12!1m3!1d11051.719124088659!2d6.305958152306937!3d46.1720535!2m3!1f0!2f0!3f0!3m2!1i1024!2i768!4f13.1!3m3!1m2!1s0x478c7261d022e0d1%3A0xa3f12406ddce8bd6!2s871%20Av.%20du%20L%C3%A9man%2C%2074380%20Bonne!5e0!3m2!1sfr!2sfr!4v1666627914255!5m2!1sfr!2sfr\" width=\"600\" height=\"890\" allowfullscreen=\"allowfullscreen\"><\/iframe>[\/vc_column_text][\/vc_column][\/vc_row][vc_row][vc_column][red_emptyspace values=&#8221;%5B%7B%22screen_size_max%22%3A%22767%22%2C%22height%22%3A%2275%22%7D%2C%7B%22screen_size_min%22%3A%22768%22%2C%22height%22%3A%22120px%22%7D%5D&#8221; el_id=&#8221;1566295724033-80f09f54-53fc&#8221;][\/vc_column][\/vc_row]<\/p>\n","protected":false},"excerpt":{"rendered":"<p>[vc_row full_width=&#8221;stretch_row&#8221; css_animation=&#8221;bottom-to-top&#8221;][vc_column offset=&#8221;vc_col-md-6&#8243;][red_heading layout_template=&#8221;3&#8243; heading_text=&#8221;RENSEIGNEMENTS et PASSER COMMANDE&#8221; heading_tag=&#8221;&#8221; show_heading2=&#8221;&#8221; desc_text=&#8221;Pour toutes commandes veuillez nous envoyer un email ou nous appeler et nous vous expliquerons la proc\u00e9dure et l&#8217;endroit de r\u00e9cup\u00e9ration du colis&#8221;][vc_raw_html css=&#8221;.vc_custom_1666627716177{padding-top: 30px !important;padding-bottom: 12px !important;}&#8221;]JTNDdWwlMjBjbGFzcyUzRCUyMmNvbnRhY3Qtd3JhcCUyMiUzRSUwQSUzQ2xpJTNFJTNDaSUyMGNsYXNzJTNEJTIyZmxhdGljb24tcGxhY2Vob2xkZXIlMjIlM0UlM0MlMkZpJTNFODcxJTIwQXYuJTIwZHUlMjBMJUMzJUE5bWFuJTJDJTIwNzQzODAlMjBCb25uZSUzQyUyRmxpJTNFJTBBJTNDbGklM0UlM0NpJTIwY2xhc3MlM0QlMjJmbGF0aWNvbi10ZWxlcGhvbmUlMjIlM0UlM0MlMkZpJTNFJTJCMzMlMjA2NjglMjA2MTAlMjAyMjMlMjAlM0IlMjAlMkIzNSUyMDE5MyUyMDI0MyUyMDcxJTIwMDclM0MlMkZsaSUzRSUwQSUzQ2xpJTNFJTNDaSUyMGNsYXNzJTNEJTIyZmxhdGljb24td29ybHdpZGUlMjIlM0UlM0MlMkZpJTNFY2hlaXJpbmhvcG9ydHVndWVzJTQwaG90bWFpbC5jb20lM0MlMkZsaSUzRSUwQSUzQyUyRnVsJTNF[\/vc_raw_html][red_emptyspace values=&#8221;%5B%7B%22height%22%3A%2253%22%7D%5D&#8221; el_id=&#8221;1566294556783-b4187842-aac4&#8243;][red_single_image img_show_caption=&#8221;&#8221; img_size=&#8221;full&#8221; img_style=&#8221;default-responsive&#8221; el_id=&#8221;1566292109427-37bcf80d-ef7a&#8221; img_id=&#8221;2201&#8243;][\/vc_column][vc_column contact_style=&#8221;contact-style2&#8243; offset=&#8221;vc_col-md-6&#8243;][red_emptyspace values=&#8221;%5B%7B%22screen_size_max%22%3A%22991%22%2C%22height%22%3A%2275%22%7D%5D&#8221; el_id=&#8221;1566356101821-0b6b31cb-7f51&#8243;][vc_column_text][\/vc_column_text][\/vc_column][\/vc_row][vc_row][vc_column][red_emptyspace values=&#8221;%5B%7B%22screen_size_max%22%3A%22767%22%2C%22height%22%3A%2275%22%7D%2C%7B%22screen_size_min%22%3A%22768%22%2C%22height%22%3A%22120px%22%7D%5D&#8221; el_id=&#8221;1566295724033-80f09f54-53fc&#8221;][\/vc_column][\/vc_row]<\/p>\n","protected":false},"author":1,"featured_media":0,"parent":0,"menu_order":0,"comment_status":"closed","ping_status":"closed","template":"","meta":{"footnotes":""},"class_list":["post-1002","page","type-page","status-publish","hentry"],"_links":{"self":[{"href":"https:\/\/cheirinho-portugues.com\/index.php?rest_route=\/wp\/v2\/pages\/1002","targetHints":{"allow":["GET"]}}],"collection":[{"href":"https:\/\/cheirinho-portugues.com\/index.php?rest_route=\/wp\/v2\/pages"}],"about":[{"href":"https:\/\/cheirinho-portugues.com\/index.php?rest_route=\/wp\/v2\/types\/page"}],"author":[{"embeddable":true,"href":"https:\/\/cheirinho-portugues.com\/index.php?rest_route=\/wp\/v2\/users\/1"}],"replies":[{"embeddable":true,"href":"https:\/\/cheirinho-portugues.com\/index.php?rest_route=%2Fwp%2Fv2%2Fcomments&post=1002"}],"version-history":[{"count":6,"href":"https:\/\/cheirinho-portugues.com\/index.php?rest_route=\/wp\/v2\/pages\/1002\/revisions"}],"predecessor-version":[{"id":2440,"href":"https:\/\/cheirinho-portugues.com\/index.php?rest_route=\/wp\/v2\/pages\/1002\/revisions\/2440"}],"wp:attachment":[{"href":"https:\/\/cheirinho-portugues.com\/index.php?rest_route=%2Fwp%2Fv2%2Fmedia&parent=1002"}],"curies":[{"name":"wp","href":"https:\/\/api.w.org\/{rel}","templated":true}]}}